{"id":1792,"date":"2025-12-14T23:34:47","date_gmt":"2025-12-14T22:34:47","guid":{"rendered":"https:\/\/sternainnovation.com\/sectors-de-sterna\/"},"modified":"2025-12-14T23:34:47","modified_gmt":"2025-12-14T22:34:47","slug":"sectors-de-sterna","status":"publish","type":"page","link":"https:\/\/sternainnovation.com\/ca\/sectors-de-sterna\/","title":{"rendered":"Sectors de Sterna"},"content":{"rendered":"","protected":false},"excerpt":{"rendered":"","protected":false},"author":255128952,"featured_media":0,"parent":0,"menu_order":0,"comment_status":"closed","ping_status":"closed","template":"superbaddons-page-template","meta":{"_crdt_document":"","footnotes":""},"class_list":["post-1792","page","type-page","status-publish","hentry"],"yoast_head":"<!-- This site is optimized with the Yoast SEO Premium plugin v26.6 (Yoast SEO v27.5) - https:\/\/yoast.com\/product\/yoast-seo-premium-wordpress\/ -->\n<title>Sectors de Sterna - Sterna Innovation<\/title>\n<meta name=\"robots\" content=\"index, follow, max-snippet:-1, max-image-preview:large, max-video-preview:-1\" \/>\n<link rel=\"canonical\" href=\"https:\/\/sternainnovation.com\/ca\/sectors-de-sterna\/\" \/>\n<meta property=\"og:locale\" content=\"ca_ES\" \/>\n<meta property=\"og:type\" content=\"article\" \/>\n<meta property=\"og:title\" content=\"Sectors de Sterna\" \/>\n<meta property=\"og:url\" content=\"https:\/\/sternainnovation.com\/ca\/sectors-de-sterna\/\" \/>\n<meta property=\"og:site_name\" content=\"Sterna Innovation\" \/>\n<meta property=\"og:image\" content=\"https:\/\/i0.wp.com\/sternainnovation.com\/wp-content\/uploads\/2025\/12\/Sterna_main.webp?fit=1840%2C1816&ssl=1\" \/>\n\t<meta property=\"og:image:width\" content=\"1840\" \/>\n\t<meta property=\"og:image:height\" content=\"1816\" \/>\n\t<meta property=\"og:image:type\" content=\"image\/webp\" \/>\n<meta name=\"twitter:card\" content=\"summary_large_image\" \/>\n<script type=\"application\/ld+json\" class=\"yoast-schema-graph\">{\"@context\":\"https:\\\/\\\/schema.org\",\"@graph\":[{\"@type\":\"WebPage\",\"@id\":\"https:\\\/\\\/sternainnovation.com\\\/ca\\\/sectors-de-sterna\\\/\",\"url\":\"https:\\\/\\\/sternainnovation.com\\\/ca\\\/sectors-de-sterna\\\/\",\"name\":\"Sectors de Sterna - Sterna Innovation\",\"isPartOf\":{\"@id\":\"https:\\\/\\\/sternainnovation.com\\\/ca\\\/#website\"},\"datePublished\":\"2025-12-14T22:34:47+00:00\",\"breadcrumb\":{\"@id\":\"https:\\\/\\\/sternainnovation.com\\\/ca\\\/sectors-de-sterna\\\/#breadcrumb\"},\"inLanguage\":\"ca\",\"potentialAction\":[{\"@type\":\"ReadAction\",\"target\":[\"https:\\\/\\\/sternainnovation.com\\\/ca\\\/sectors-de-sterna\\\/\"]}]},{\"@type\":\"BreadcrumbList\",\"@id\":\"https:\\\/\\\/sternainnovation.com\\\/ca\\\/sectors-de-sterna\\\/#breadcrumb\",\"itemListElement\":[{\"@type\":\"ListItem\",\"position\":1,\"name\":\"Inici\",\"item\":\"https:\\\/\\\/sternainnovation.com\\\/ca\\\/\"},{\"@type\":\"ListItem\",\"position\":2,\"name\":\"Sectors de Sterna\"}]},{\"@type\":\"WebSite\",\"@id\":\"https:\\\/\\\/sternainnovation.com\\\/ca\\\/#website\",\"url\":\"https:\\\/\\\/sternainnovation.com\\\/ca\\\/\",\"name\":\"Sterna Innovation\",\"description\":\"We are dedicated to supporting our customers in enhancing their products and solutions. Our mission is to promote IoT device solutions that foster better behaviors among individuals, organizations, and the environment. By leveraging innovative technology, we aim to create a more connected world that drives efficiency, sustainability, and positive change.\",\"publisher\":{\"@id\":\"https:\\\/\\\/sternainnovation.com\\\/ca\\\/#organization\"},\"alternateName\":\"Sterna\",\"potentialAction\":[{\"@type\":\"SearchAction\",\"target\":{\"@type\":\"EntryPoint\",\"urlTemplate\":\"https:\\\/\\\/sternainnovation.com\\\/ca\\\/?s={search_term_string}\"},\"query-input\":{\"@type\":\"PropertyValueSpecification\",\"valueRequired\":true,\"valueName\":\"search_term_string\"}}],\"inLanguage\":\"ca\"},{\"@type\":[\"Organization\",\"Place\",\"ProfessionalService\"],\"@id\":\"https:\\\/\\\/sternainnovation.com\\\/ca\\\/#organization\",\"name\":\"Sterna Innovation\",\"alternateName\":\"Sterna\",\"url\":\"https:\\\/\\\/sternainnovation.com\\\/ca\\\/\",\"logo\":{\"@id\":\"https:\\\/\\\/sternainnovation.com\\\/ca\\\/sectors-de-sterna\\\/#local-main-organization-logo\"},\"image\":{\"@id\":\"https:\\\/\\\/sternainnovation.com\\\/ca\\\/sectors-de-sterna\\\/#local-main-organization-logo\"},\"sameAs\":[\"https:\\\/\\\/es.linkedin.com\\\/company\\\/sternainnovation\"],\"legalName\":\"Sterna Innovation Projects, SL\",\"foundingDate\":\"2013-03-21\",\"numberOfEmployees\":{\"@type\":\"QuantitativeValue\",\"minValue\":\"1\",\"maxValue\":\"10\"},\"publishingPrinciples\":\"https:\\\/\\\/sternainnovation.com\\\/\",\"address\":{\"@id\":\"https:\\\/\\\/sternainnovation.com\\\/ca\\\/sectors-de-sterna\\\/#local-main-place-address\"},\"geo\":{\"@type\":\"GeoCoordinates\",\"latitude\":\"41.95162\",\"longitude\":\"2.84224\"},\"telephone\":[\"972665777\"],\"contactPoint\":{\"@type\":\"ContactPoint\",\"telephone\":\"972665777\",\"email\":\"info@sternainnovation.com\"},\"openingHoursSpecification\":[{\"@type\":\"OpeningHoursSpecification\",\"dayOfWeek\":[\"Monday\",\"Tuesday\",\"Wednesday\",\"Thursday\",\"Friday\",\"Saturday\",\"Sunday\"],\"opens\":\"09:00\",\"closes\":\"17:00\"}],\"email\":\"info@sternainnovation.com\",\"vatID\":\"ESB55159586\"},{\"@type\":\"PostalAddress\",\"@id\":\"https:\\\/\\\/sternainnovation.com\\\/ca\\\/sectors-de-sterna\\\/#local-main-place-address\",\"streetAddress\":\"Ctra. Sant feliu, 31, Pol. Ind. Pla de l'illa\",\"addressLocality\":\"Quart\",\"postalCode\":\"17241\",\"addressRegion\":\"Girona\",\"addressCountry\":\"ES\"},{\"@type\":\"ImageObject\",\"inLanguage\":\"ca\",\"@id\":\"https:\\\/\\\/sternainnovation.com\\\/ca\\\/sectors-de-sterna\\\/#local-main-organization-logo\",\"url\":\"https:\\\/\\\/i0.wp.com\\\/sternainnovation.com\\\/wp-content\\\/uploads\\\/2025\\\/05\\\/Sterna_logo_vectorial.png?fit=1687%2C538&ssl=1\",\"contentUrl\":\"https:\\\/\\\/i0.wp.com\\\/sternainnovation.com\\\/wp-content\\\/uploads\\\/2025\\\/05\\\/Sterna_logo_vectorial.png?fit=1687%2C538&ssl=1\",\"width\":1687,\"height\":538,\"caption\":\"Sterna Innovation\"}]}<\/script>\n<meta name=\"geo.placename\" content=\"Quart\" \/>\n<meta name=\"geo.position\" content=\"41.95162;2.84224\" \/>\n<meta name=\"geo.region\" content=\"Espanya\" \/>\n<!-- \/ Yoast SEO Premium plugin. -->","yoast_head_json":{"title":"Sectors de Sterna - Sterna Innovation","robots":{"index":"index","follow":"follow","max-snippet":"max-snippet:-1","max-image-preview":"max-image-preview:large","max-video-preview":"max-video-preview:-1"},"canonical":"https:\/\/sternainnovation.com\/ca\/sectors-de-sterna\/","og_locale":"ca_ES","og_type":"article","og_title":"Sectors de Sterna","og_url":"https:\/\/sternainnovation.com\/ca\/sectors-de-sterna\/","og_site_name":"Sterna Innovation","og_image":[{"width":1840,"height":1816,"url":"https:\/\/i0.wp.com\/sternainnovation.com\/wp-content\/uploads\/2025\/12\/Sterna_main.webp?fit=1840%2C1816&ssl=1","type":"image\/webp"}],"twitter_card":"summary_large_image","schema":{"@context":"https:\/\/schema.org","@graph":[{"@type":"WebPage","@id":"https:\/\/sternainnovation.com\/ca\/sectors-de-sterna\/","url":"https:\/\/sternainnovation.com\/ca\/sectors-de-sterna\/","name":"Sectors de Sterna - Sterna Innovation","isPartOf":{"@id":"https:\/\/sternainnovation.com\/ca\/#website"},"datePublished":"2025-12-14T22:34:47+00:00","breadcrumb":{"@id":"https:\/\/sternainnovation.com\/ca\/sectors-de-sterna\/#breadcrumb"},"inLanguage":"ca","potentialAction":[{"@type":"ReadAction","target":["https:\/\/sternainnovation.com\/ca\/sectors-de-sterna\/"]}]},{"@type":"BreadcrumbList","@id":"https:\/\/sternainnovation.com\/ca\/sectors-de-sterna\/#breadcrumb","itemListElement":[{"@type":"ListItem","position":1,"name":"Inici","item":"https:\/\/sternainnovation.com\/ca\/"},{"@type":"ListItem","position":2,"name":"Sectors de Sterna"}]},{"@type":"WebSite","@id":"https:\/\/sternainnovation.com\/ca\/#website","url":"https:\/\/sternainnovation.com\/ca\/","name":"Sterna Innovation","description":"We are dedicated to supporting our customers in enhancing their products and solutions. Our mission is to promote IoT device solutions that foster better behaviors among individuals, organizations, and the environment. By leveraging innovative technology, we aim to create a more connected world that drives efficiency, sustainability, and positive change.","publisher":{"@id":"https:\/\/sternainnovation.com\/ca\/#organization"},"alternateName":"Sterna","potentialAction":[{"@type":"SearchAction","target":{"@type":"EntryPoint","urlTemplate":"https:\/\/sternainnovation.com\/ca\/?s={search_term_string}"},"query-input":{"@type":"PropertyValueSpecification","valueRequired":true,"valueName":"search_term_string"}}],"inLanguage":"ca"},{"@type":["Organization","Place","ProfessionalService"],"@id":"https:\/\/sternainnovation.com\/ca\/#organization","name":"Sterna Innovation","alternateName":"Sterna","url":"https:\/\/sternainnovation.com\/ca\/","logo":{"@id":"https:\/\/sternainnovation.com\/ca\/sectors-de-sterna\/#local-main-organization-logo"},"image":{"@id":"https:\/\/sternainnovation.com\/ca\/sectors-de-sterna\/#local-main-organization-logo"},"sameAs":["https:\/\/es.linkedin.com\/company\/sternainnovation"],"legalName":"Sterna Innovation Projects, SL","foundingDate":"2013-03-21","numberOfEmployees":{"@type":"QuantitativeValue","minValue":"1","maxValue":"10"},"publishingPrinciples":"https:\/\/sternainnovation.com\/","address":{"@id":"https:\/\/sternainnovation.com\/ca\/sectors-de-sterna\/#local-main-place-address"},"geo":{"@type":"GeoCoordinates","latitude":"41.95162","longitude":"2.84224"},"telephone":["972665777"],"contactPoint":{"@type":"ContactPoint","telephone":"972665777","email":"info@sternainnovation.com"},"openingHoursSpecification":[{"@type":"OpeningHoursSpecification","dayOfWeek":["Monday","Tuesday","Wednesday","Thursday","Friday","Saturday","Sunday"],"opens":"09:00","closes":"17:00"}],"email":"info@sternainnovation.com","vatID":"ESB55159586"},{"@type":"PostalAddress","@id":"https:\/\/sternainnovation.com\/ca\/sectors-de-sterna\/#local-main-place-address","streetAddress":"Ctra. Sant feliu, 31, Pol. Ind. Pla de l'illa","addressLocality":"Quart","postalCode":"17241","addressRegion":"Girona","addressCountry":"ES"},{"@type":"ImageObject","inLanguage":"ca","@id":"https:\/\/sternainnovation.com\/ca\/sectors-de-sterna\/#local-main-organization-logo","url":"https:\/\/i0.wp.com\/sternainnovation.com\/wp-content\/uploads\/2025\/05\/Sterna_logo_vectorial.png?fit=1687%2C538&ssl=1","contentUrl":"https:\/\/i0.wp.com\/sternainnovation.com\/wp-content\/uploads\/2025\/05\/Sterna_logo_vectorial.png?fit=1687%2C538&ssl=1","width":1687,"height":538,"caption":"Sterna Innovation"}]},"geo.placename":"Quart","geo.position":{"lat":"41.95162","long":"2.84224"},"geo.region":"Espanya"},"jetpack_likes_enabled":true,"jetpack_sharing_enabled":true,"jetpack_shortlink":"https:\/\/wp.me\/PgxFPH-sU","jetpack-related-posts":[{"id":2021,"url":"https:\/\/sternainnovation.com\/es\/politica-de-privacidad\/","url_meta":{"origin":1792,"position":0},"title":"Pol\u00edtica de privacidad","author":"Marc Torrent","date":"18 de desembre de 2025","format":false,"excerpt":"Pol\u00edtica de privacidad de Sterna Innovation Fecha de entrada en vigor: diciembre de 2025 1. Objeto, \u00e1mbito de aplicaci\u00f3n y usuarios Sterna Innovation Projects, SL (\u201cSterna Innovation\u201c, \"Sterna\", \u201cCompa\u00f1\u00eda\u201d, \u201cnosotros\u201c, \u201cnuestro\u201d o \u201cnos\u201c) desarrolla y proporciona servicios de ingenier\u00eda y tecnolog\u00eda (los \u201cServicios\u201d) y productos tecnol\u00f3gicos que implementan tecnolog\u00edas de\u2026","rel":"","context":"Entrada similar","block_context":{"text":"Entrada similar","link":""},"img":{"alt_text":"","src":"","width":0,"height":0},"classes":[]},{"id":2016,"url":"https:\/\/sternainnovation.com\/ca\/politica-de-privacitat\/","url_meta":{"origin":1792,"position":1},"title":"Pol\u00edtica de privacitat","author":"Marc Torrent","date":"18 de desembre de 2025","format":false,"excerpt":"Pol\u00edtica de privadesa de Sterna Innovation Data d'entrada en vigor: desembre de 2025 1. Prop\u00f2sit, abast i usuaris Sterna Innovation Projects, SL (\u201cSterna Innovation\u201c, \"Sterna\", \u201cEmpresa\u201d, \u201cnosaltres\u201c, \u201cnostra\u201d o \u201cens\u201c) desenvolupa i proporciona serveis d'enginyeria i tecnologia (els \u201cServeis\u201d) i productes tecnol\u00f2gics que implementen tecnologies IOT (els \"Productes\"), per augmentar\u2026","rel":"","context":"Entrada similar","block_context":{"text":"Entrada similar","link":""},"img":{"alt_text":"","src":"","width":0,"height":0},"classes":[]},{"id":1979,"url":"https:\/\/sternainnovation.com\/privacy-policy\/","url_meta":{"origin":1792,"position":2},"title":"Privacy Policy","author":"Marc Torrent","date":"18 de desembre de 2025","format":false,"excerpt":"Sterna Innovation Privacy Policy Effective Date: December 2025 1. Purpose, scope, and users Sterna Innovation Projects, SL (\u201cSterna Innovation\u201c, \"Sterna\", \u201cCompany\u201d, \u201cwe\u201c, \u201cour\u201d or \u201cus\u201c) develops and provides engineering and technology services (the \u201cServices\u201d) and technology products implementing IOT technologies (the \"Products\"), to increase the secured and continuous connection between\u2026","rel":"","context":"Entrada similar","block_context":{"text":"Entrada similar","link":""},"img":{"alt_text":"","src":"","width":0,"height":0},"classes":[]},{"id":1768,"url":"https:\/\/sternainnovation.com\/es\/servicios-de-sterna\/","url_meta":{"origin":1792,"position":3},"title":"Servicios de Sterna","author":"Marc Torrent","date":"6 de desembre de 2025","format":false,"excerpt":"Ingenier\u00eda de dispositivos conectados Dise\u00f1amos y desarrollamos dispositivos conectados que combinan sensores avanzados, electr\u00f3nica robusta, firmware, comunicaci\u00f3n inal\u00e1mbrica y plataformas en la nube. Nuestro equipo transforma ideas complejas en productos fiables que est\u00e1n listos para entornos reales, desde hospitales y f\u00e1bricas hasta ciudades y redes log\u00edsticas. Leer m\u00e1s Ingenier\u00eda de\u2026","rel":"","context":"Entrada similar","block_context":{"text":"Entrada similar","link":""},"img":{"alt_text":"","src":"https:\/\/i0.wp.com\/sternainnovation.com\/wp-content\/uploads\/2025\/05\/lab.jpg?resize=350%2C200&ssl=1","width":350,"height":200,"srcset":"https:\/\/i0.wp.com\/sternainnovation.com\/wp-content\/uploads\/2025\/05\/lab.jpg?resize=350%2C200&ssl=1 1x, https:\/\/i0.wp.com\/sternainnovation.com\/wp-content\/uploads\/2025\/05\/lab.jpg?resize=525%2C300&ssl=1 1.5x, https:\/\/i0.wp.com\/sternainnovation.com\/wp-content\/uploads\/2025\/05\/lab.jpg?resize=700%2C400&ssl=1 2x"},"classes":[]},{"id":1775,"url":"https:\/\/sternainnovation.com\/ca\/serveis-de-sterna\/","url_meta":{"origin":1792,"position":4},"title":"Serveis de Sterna","author":"Marc Torrent","date":"6 de desembre de 2025","format":false,"excerpt":"Enginyeria de dispositius connectats Dissenyem i desenvolupem dispositius connectats que combinen sensors avan\u00e7ats, electr\u00f2nica robusta, firmware, comunicaci\u00f3 sense fil i plataformes al n\u00favol. El nostre equip transforma idees complexes en productes fiables preparats per a entorns reals, des d'hospitals i f\u00e0briques fins a ciutats i xarxes log\u00edstiques. Llegir m\u00e9s Enginyeria\u2026","rel":"","context":"Entrada similar","block_context":{"text":"Entrada similar","link":""},"img":{"alt_text":"","src":"https:\/\/i0.wp.com\/sternainnovation.com\/wp-content\/uploads\/2025\/05\/lab.jpg?resize=350%2C200&ssl=1","width":350,"height":200,"srcset":"https:\/\/i0.wp.com\/sternainnovation.com\/wp-content\/uploads\/2025\/05\/lab.jpg?resize=350%2C200&ssl=1 1x, https:\/\/i0.wp.com\/sternainnovation.com\/wp-content\/uploads\/2025\/05\/lab.jpg?resize=525%2C300&ssl=1 1.5x, https:\/\/i0.wp.com\/sternainnovation.com\/wp-content\/uploads\/2025\/05\/lab.jpg?resize=700%2C400&ssl=1 2x"},"classes":[]},{"id":1862,"url":"https:\/\/sternainnovation.com\/es\/contactenos\/","url_meta":{"origin":1792,"position":5},"title":"Cont\u00e1ctenos","author":"Marc Torrent","date":"12 de maig de 2022","format":false,"excerpt":"Cont\u00e1ctenos Nos encantar\u00eda hablar sobre su pr\u00f3ximo proyecto, desaf\u00edo o idea Tanto si est\u00e1 explorando un nuevo producto, planificando la implementaci\u00f3n de IoT, buscando apoyo para una estrategia de innovaci\u00f3n o simplemente desea comprender c\u00f3mo funciona Sterna, nuestro equipo est\u00e1 aqu\u00ed para ayudarle. Env\u00edenos un mensaje Comparta algunos detalles y\u2026","rel":"","context":"Entrada similar","block_context":{"text":"Entrada similar","link":""},"img":{"alt_text":"","src":"https:\/\/i0.wp.com\/sternainnovation.com\/wp-content\/uploads\/2025\/12\/fons2.webp?resize=350%2C200&ssl=1","width":350,"height":200,"srcset":"https:\/\/i0.wp.com\/sternainnovation.com\/wp-content\/uploads\/2025\/12\/fons2.webp?resize=350%2C200&ssl=1 1x, https:\/\/i0.wp.com\/sternainnovation.com\/wp-content\/uploads\/2025\/12\/fons2.webp?resize=525%2C300&ssl=1 1.5x, https:\/\/i0.wp.com\/sternainnovation.com\/wp-content\/uploads\/2025\/12\/fons2.webp?resize=700%2C400&ssl=1 2x, https:\/\/i0.wp.com\/sternainnovation.com\/wp-content\/uploads\/2025\/12\/fons2.webp?resize=1050%2C600&ssl=1 3x, https:\/\/i0.wp.com\/sternainnovation.com\/wp-content\/uploads\/2025\/12\/fons2.webp?resize=1400%2C800&ssl=1 4x"},"classes":[]}],"_links":{"self":[{"href":"https:\/\/sternainnovation.com\/ca\/wp-json\/wp\/v2\/pages\/1792","targetHints":{"allow":["GET"]}}],"collection":[{"href":"https:\/\/sternainnovation.com\/ca\/wp-json\/wp\/v2\/pages"}],"about":[{"href":"https:\/\/sternainnovation.com\/ca\/wp-json\/wp\/v2\/types\/page"}],"author":[{"embeddable":true,"href":"https:\/\/sternainnovation.com\/ca\/wp-json\/wp\/v2\/users\/255128952"}],"replies":[{"embeddable":true,"href":"https:\/\/sternainnovation.com\/ca\/wp-json\/wp\/v2\/comments?post=1792"}],"version-history":[{"count":0,"href":"https:\/\/sternainnovation.com\/ca\/wp-json\/wp\/v2\/pages\/1792\/revisions"}],"wp:attachment":[{"href":"https:\/\/sternainnovation.com\/ca\/wp-json\/wp\/v2\/media?parent=1792"}],"curies":[{"name":"wp","href":"https:\/\/api.w.org\/{rel}","templated":true}]}}